{"id":81,"date":"2016-03-20T20:06:39","date_gmt":"2016-03-20T18:06:39","guid":{"rendered":"http:\/\/wpbaustelle.alexanderbeierbach.de\/?page_id=81"},"modified":"2023-10-12T20:26:52","modified_gmt":"2023-10-12T18:26:52","slug":"asm","status":"publish","type":"page","link":"https:\/\/alexanderbeierbach.de\/en\/asm\/","title":{"rendered":"ABSOLUTELY SWEET MARIE"},"content":{"rendered":"<p><div id=\"attachment_2168\" style=\"width: 410px\" class=\"wp-caption alignleft\"><a href=\"https:\/\/alexanderbeierbach.de\/wp-content\/uploads\/2022\/09\/ASM-Band-06_c_Christian_Betz_-farbe-mittel-scaled.jpeg\" rel=\"attachment noopener wp-att-85\"><img loading=\"lazy\" decoding=\"async\" aria-describedby=\"caption-attachment-2168\" class=\"wp-image-2168\" src=\"https:\/\/alexanderbeierbach.de\/wp-content\/uploads\/2022\/09\/ASM-Band-06_c_Christian_Betz_-farbe-mittel-300x200.jpeg\" alt=\"\" width=\"400\" height=\"267\" srcset=\"https:\/\/alexanderbeierbach.de\/wp-content\/uploads\/2022\/09\/ASM-Band-06_c_Christian_Betz_-farbe-mittel-300x200.jpeg 300w, https:\/\/alexanderbeierbach.de\/wp-content\/uploads\/2022\/09\/ASM-Band-06_c_Christian_Betz_-farbe-mittel-1024x683.jpeg 1024w, https:\/\/alexanderbeierbach.de\/wp-content\/uploads\/2022\/09\/ASM-Band-06_c_Christian_Betz_-farbe-mittel-768x512.jpeg 768w, https:\/\/alexanderbeierbach.de\/wp-content\/uploads\/2022\/09\/ASM-Band-06_c_Christian_Betz_-farbe-mittel-1536x1024.jpeg 1536w, https:\/\/alexanderbeierbach.de\/wp-content\/uploads\/2022\/09\/ASM-Band-06_c_Christian_Betz_-farbe-mittel-2048x1365.jpeg 2048w\" sizes=\"auto, (max-width: 400px) 100vw, 400px\" \/><\/a><p id=\"caption-attachment-2168\" class=\"wp-caption-text\">\u00a9 Christian Betz<\/p><\/div><\/p>\n<p><strong>ABSOLUTELY SWEET MARIE<\/strong><\/p>\n<p>Steffen Faul &#8211; trumpet<br \/>\nAnke Lucks &#8211; trombone<br \/>\nAlexander Beierbach &#8211; tenor saxophone<br \/>\nGerhard Gschl\u00f6\u00dfl &#8211; tuba<br \/>\nLuc\u00eda Mart\u00ednez &#8211; drums<\/p>\n<p>please visit:<br \/>\n<a href=\"https:\/\/absolutelysweetmarie.com\/english\" target=\"_blank\" rel=\"noopener\">https:\/\/absolutelysweetmarie.com<\/a><\/p>\n<p>&nbsp;<\/p>\n<p>&nbsp;<\/p>\n<p>&nbsp;<\/p>","protected":false},"excerpt":{"rendered":"<p>ABSOLUTELY SWEET MARIE Steffen Faul &#8211; trumpet Anke Lucks &#8211; trombone Alexander Beierbach &#8211; tenor saxophone Gerhard Gschl\u00f6\u00dfl &#8211; tuba Luc\u00eda Mart\u00ednez &#8211; drums please visit: https:\/\/absolutelysweetmarie.com &nbsp; &nbsp; &nbsp;<\/p>\n","protected":false},"author":1,"featured_media":2168,"parent":0,"menu_order":0,"comment_status":"closed","ping_status":"closed","template":"","meta":{"_acf_changed":false,"footnotes":""},"class_list":["post-81","page","type-page","status-publish","has-post-thumbnail","hentry"],"acf":[],"_links":{"self":[{"href":"https:\/\/alexanderbeierbach.de\/en\/wp-json\/wp\/v2\/pages\/81","targetHints":{"allow":["GET"]}}],"collection":[{"href":"https:\/\/alexanderbeierbach.de\/en\/wp-json\/wp\/v2\/pages"}],"about":[{"href":"https:\/\/alexanderbeierbach.de\/en\/wp-json\/wp\/v2\/types\/page"}],"author":[{"embeddable":true,"href":"https:\/\/alexanderbeierbach.de\/en\/wp-json\/wp\/v2\/users\/1"}],"replies":[{"embeddable":true,"href":"https:\/\/alexanderbeierbach.de\/en\/wp-json\/wp\/v2\/comments?post=81"}],"version-history":[{"count":308,"href":"https:\/\/alexanderbeierbach.de\/en\/wp-json\/wp\/v2\/pages\/81\/revisions"}],"predecessor-version":[{"id":2299,"href":"https:\/\/alexanderbeierbach.de\/en\/wp-json\/wp\/v2\/pages\/81\/revisions\/2299"}],"wp:featuredmedia":[{"embeddable":true,"href":"https:\/\/alexanderbeierbach.de\/en\/wp-json\/wp\/v2\/media\/2168"}],"wp:attachment":[{"href":"https:\/\/alexanderbeierbach.de\/en\/wp-json\/wp\/v2\/media?parent=81"}],"curies":[{"name":"wp","href":"https:\/\/api.w.org\/{rel}","templated":true}]}}