{"id":2729,"date":"2025-11-08T18:26:10","date_gmt":"2025-11-08T16:26:10","guid":{"rendered":"https:\/\/alexanderbeierbach.de\/?page_id=2729"},"modified":"2025-11-08T18:26:33","modified_gmt":"2025-11-08T16:26:33","slug":"datenschutzerklaerung","status":"publish","type":"page","link":"https:\/\/alexanderbeierbach.de\/en\/datenschutzerklaerung\/","title":{"rendered":"Datenschutzerkl\u00e4rung"},"content":{"rendered":"<p class=\"qtranxs-available-languages-message qtranxs-available-languages-message-en\">Sorry, this entry is only available in <a href=\"https:\/\/alexanderbeierbach.de\/de\/wp-json\/wp\/v2\/pages\/2729\" class=\"qtranxs-available-language-link qtranxs-available-language-link-de\" title=\"Deutsch\">Deutsch<\/a>. For the sake of viewer convenience, the content is shown below in the alternative language. You may click the link to switch the active language.<\/p><p><\/p>\n<h4>Grundlegendes<\/h4>\n<p>Diese Datenschutzerkl\u00e4rung soll die Nutzer dieser Website \u00fcber die Art, den Umfang und den Zweck der Erhebung und Verwendung personenbezogener Daten durch den Websitebetreiber<\/p>\n<p>Alexander Beierbach<br \/>\nStargarder Str. 67<br \/>\n10437 Berlin<br \/>\nTelefon:<br \/>\n030 \u2013 44 32 86 44<br \/>\nE-Mail:<br \/>\na.w.beierbach@gmx.de<\/p>\n<p>informieren.<\/p>\n<p>Der Websitebetreiber nimmt Ihren Datenschutz sehr ernst und behandelt Ihre personenbezogenen Daten vertraulich und entsprechend der gesetzlichen Vorschriften. Da durch neue Technologien und die st\u00e4ndige Weiterentwicklung dieser Webseite \u00c4nderungen an dieser Datenschutzerkl\u00e4rung vorgenommen werden k\u00f6nnen, empfehlen wir Ihnen sich die Datenschutzerkl\u00e4rung in regelm\u00e4\u00dfigen Abst\u00e4nden wieder durchzulesen.<\/p>\n<p>Definitionen der verwendeten Begriffe (z.B. \u201cpersonenbezogene Daten\u201d oder \u201cVerarbeitung\u201d) finden Sie in Art. 4 DSGVO.<\/p>\n<p>&nbsp;<\/p>\n<h4>Zugriffsdaten<\/h4>\n<p>Wir, der Websitebetreiber bzw. der Seitenprovider, erheben aufgrund unseres berechtigten Interesses (s. Art. 6 Abs. 1 lit. f. DSGVO) Daten \u00fcber Zugriffe auf die Website und speichern diese als \u201eServer-Logfiles\u201c auf dem Server der Website ab. Folgende Daten werden so protokolliert:<\/p>\n<p>&nbsp;<\/p>\n<ul>\n<li>Besuchte Website<\/li>\n<li>Uhrzeit zum Zeitpunkt des Zugriffes<\/li>\n<li>Menge der gesendeten Daten in Byte<\/li>\n<li>Quelle\/Verweis, von welchem Sie auf die Seite gelangten<\/li>\n<li>Verwendeter Browser<\/li>\n<li>Verwendetes Betriebssystem<\/li>\n<li>Verwendete IP-Adresse<\/li>\n<\/ul>\n<p>&nbsp;<\/p>\n<p>Die Server-Logfiles werden f\u00fcr maximal 7 Tage gespeichert und anschlie\u00dfend gel\u00f6scht. Die Speicherung der Daten erfolgt aus Sicherheitsgr\u00fcnden, um z. B. Missbrauchsf\u00e4lle aufkl\u00e4ren zu k\u00f6nnen. M\u00fcssen Daten aus Beweisgr\u00fcnden aufgehoben werden, sind sie solange von der L\u00f6schung ausgenommen bis der Vorfall endg\u00fcltig gekl\u00e4rt ist.<\/p>\n<h4>Cookies<\/h4>\n<p>Diese Internetseite kann Cookies verwenden. Cookies sind Textdateien, die \u00fcber einen Internetbrowser auf einem Computersystem abgelegt und gespeichert werden.<\/p>\n<p>Zahlreiche Internetseiten und Server verwenden Cookies. Viele Cookies enthalten eine sogenannte Cookie-ID. Eine Cookie-ID ist eine eindeutige Kennung des Cookies. Sie besteht aus einer Zeichenfolge, durch welche Internetseiten und Server dem konkreten Internetbrowser zugeordnet werden k\u00f6nnen, in dem das Cookie gespeichert wurde. Dies erm\u00f6glicht es den besuchten Internetseiten und Servern, den individuellen Browser der betroffenen Person von anderen Internetbrowsern, die andere Cookies enthalten, zu unterscheiden. Ein bestimmter Internetbrowser kann \u00fcber die eindeutige Cookie-ID wiedererkannt und identifiziert werden.<\/p>\n<p>Durch den Einsatz von Cookies k\u00f6nnen wir den Nutzern dieser Internetseite nutzerfreundlichere Services bereitstellen, die ohne die Cookie-Setzung nicht m\u00f6glich w\u00e4ren.<\/p>\n<p>Die betroffene Person kann die Setzung von Cookies durch unsere Internetseite jederzeit mittels einer entsprechenden Einstellung des genutzten Internetbrowsers verhindern und damit der Setzung von Cookies dauerhaft widersprechen. Ferner k\u00f6nnen bereits gesetzte Cookies jederzeit \u00fcber einen Internetbrowser oder andere Softwareprogramme gel\u00f6scht werden. Dies ist in allen g\u00e4ngigen Internetbrowsern m\u00f6glich. Deaktiviert die betroffene Person die Setzung von Cookies in dem genutzten Internetbrowser, sind unter Umst\u00e4nden nicht alle Funktionen unserer Internetseite vollumf\u00e4nglich nutzbar.<\/p>\n<p>Unsere Website verwendet technisch notwendige Cookies, um grundlegende Funktionen bereitzustellen. Eine Einwilligung ist hierf\u00fcr nicht erforderlich.<\/p>\n<p><strong>Folgende Cookies werden eingesetzt:<\/strong><\/p>\n<p><strong>PHPSESSID<\/strong><\/p>\n<ul>\n<li>Zweck: Session-Verwaltung zur Identifizierung Ihrer Sitzung<\/li>\n<li>Typ: Session-Cookie<\/li>\n<li>Speicherdauer: Bis zum Schlie\u00dfen des Browsers<\/li>\n<li>Rechtsgrundlage: Art. 6 Abs. 1 lit. f DSGVO (berechtigtes Interesse am technischen Betrieb)<\/li>\n<\/ul>\n<p><strong>qtrans_frontend_language<\/strong><\/p>\n<ul>\n<li>Zweck: Speicherung der vom Nutzer gew\u00e4hlten Spracheinstellung<\/li>\n<li>Typ: Funktionales Cookie<\/li>\n<li>Speicherdauer: 1 Jahr<\/li>\n<li>Rechtsgrundlage: Art. 6 Abs. 1 lit. f DSGVO (berechtigtes Interesse am technischen Betrieb)<\/li>\n<\/ul>\n<p><strong>qtrans_admin_language<\/strong><\/p>\n<ul>\n<li>Zweck: Speicherung der Spracheinstellung f\u00fcr den administrativen Bereich<\/li>\n<li>Typ: Funktionales Cookie<\/li>\n<li>Speicherdauer: 1 Jahr<\/li>\n<li>Rechtsgrundlage: Art. 6 Abs. 1 lit. f DSGVO (berechtigtes Interesse am technischen Betrieb)<\/li>\n<\/ul>\n<p>Sie k\u00f6nnen Cookies in Ihren Browser-Einstellungen jederzeit l\u00f6schen oder blockieren. Dies kann jedoch die Funktionalit\u00e4t der Website einschr\u00e4nken.<\/p>\n<p><strong>Umgang mit Kontaktdaten<\/strong><\/p>\n<p>Nehmen Sie mit uns als Websitebetreiber durch die angebotenen Kontaktm\u00f6glichkeiten Verbindung auf, werden Ihre Angaben gespeichert, damit auf diese zur Bearbeitung und Beantwortung Ihrer Anfrage zur\u00fcckgegriffen werden kann. Ohne Ihre Einwilligung werden diese Daten nicht an Dritte weitergegeben.<\/p>\n<p><strong>Newsletter-Abonnement<\/strong><\/p>\n<p>Der Websitebetreiber bietet Ihnen einen Newsletter an, in welchem er Sie \u00fcber aktuelle Geschehnisse und Angebote informiert. M\u00f6chten Sie den Newsletter abonnieren, m\u00fcssen Sie eine valide E-Mail-Adresse angeben. Wenn Sie den Newsletter abonnieren, erkl\u00e4ren Sie sich mit dem Newsletter-Empfang und den erl\u00e4uterten Verfahren einverstanden.<\/p>\n<p>Der Newsletterversand erfolgt durch den Websiteanbieter selbst.<\/p>\n<p>Widerruf und K\u00fcndigung: Ihre Einwilligung zum Erhalt des Newsletter k\u00f6nnen Sie jederzeit widerrufen und somit das Newsletter-Abonnement k\u00fcndigen. Nach Ihrer K\u00fcndigung erfolgt die L\u00f6schung Ihre personenbezogenen Daten. Ihre Einwilligung in den Newsletterversand erlischt gleichzeitig. Am Ende jedes Newsletters finden Sie den Link zur K\u00fcndigung.<\/p>\n<p>&nbsp;<\/p>\n<p><strong>Rechte des Nutzers<\/strong><\/p>\n<p>Sie haben als Nutzer das Recht, auf Antrag eine kostenlose Auskunft dar\u00fcber zu erhalten, welche personenbezogenen Daten \u00fcber Sie gespeichert wurden. Sie haben au\u00dferdem das Recht auf Berichtigung falscher Daten und auf die Verarbeitungseinschr\u00e4nkung oder L\u00f6schung Ihrer personenbezogenen Daten. Falls zutreffend, k\u00f6nnen Sie auch Ihr Recht auf Datenportabilit\u00e4t geltend machen. Sollten Sie annehmen, dass Ihre Daten unrechtm\u00e4\u00dfig verarbeitet wurden, k\u00f6nnen Sie eine Beschwerde bei der zust\u00e4ndigen Aufsichtsbeh\u00f6rde einreichen.<\/p>\n<p>&nbsp;<\/p>\n<p><strong>L\u00f6schung von Daten<\/strong><\/p>\n<p>Sofern Ihr Wunsch nicht mit einer gesetzlichen Pflicht zur Aufbewahrung von Daten (z. B. Vorratsdatenspeicherung) kollidiert, haben Sie ein Anrecht auf L\u00f6schung Ihrer Daten. Von uns gespeicherte Daten werden, sollten sie f\u00fcr ihre Zweckbestimmung nicht mehr vonn\u00f6ten sein und es keine gesetzlichen Aufbewahrungsfristen geben, gel\u00f6scht. Falls eine L\u00f6schung nicht durchgef\u00fchrt werden kann, da die Daten f\u00fcr zul\u00e4ssige gesetzliche Zwecke erforderlich sind, erfolgt eine Einschr\u00e4nkung der Datenverarbeitung. In diesem Fall werden die Daten gesperrt und nicht f\u00fcr andere Zwecke verarbeitet.<\/p>\n<h4><\/h4>\n<h4>Widerspruchsrecht<\/h4>\n<p>Nutzer dieser Webseite k\u00f6nnen von ihrem Widerspruchsrecht Gebrauch machen und der Verarbeitung ihrer personenbezogenen Daten zu jeder Zeit widersprechen.<\/p>\n<p>Wenn Sie eine Berichtigung, Sperrung, L\u00f6schung oder Auskunft \u00fcber die zu Ihrer Person gespeicherten personenbezogenen Daten w\u00fcnschen oder Fragen bzgl. der Erhebung, Verarbeitung oder Verwendung Ihrer personenbezogenen Daten haben oder erteilte Einwilligungen widerrufen m\u00f6chten, wenden Sie sich bitte an folgende E-Mail-Adresse: a.w.beierbach@gmx.de<\/p>\n<h4>youtube<\/h4>\n<p>Wir binden Videos der Plattform YouTube ein. Anbieter ist die Google Ireland Limited, Gordon House, Barrow Street, Dublin 4, Irland.<\/p>\n<p>Wir nutzen YouTube im erweiterten Datenschutzmodus (youtube-nocookie.com). Dabei werden keine Informationen \u00fcber die Besucher auf YouTube \u00fcbertragen, solange das Video nicht abgespielt wird. Erst beim Abspielen des Videos werden Daten an YouTube \u00fcbermittelt.<\/p>\n<p><strong>Beim Abspielen werden folgende Daten verarbeitet:<\/strong><\/p>\n<ul>\n<li>IP-Adresse<\/li>\n<li>Informationen \u00fcber Ihren Browser und Ihr Endger\u00e4t<\/li>\n<li>Datum und Uhrzeit des Zugriffs<\/li>\n<li>Die aufgerufene Seite<\/li>\n<\/ul>\n<p><strong>Zweck:<\/strong> Einbindung von Multimedia-Inhalten zur Verbesserung des Nutzererlebnisses<\/p>\n<p><strong>Rechtsgrundlage:<\/strong> Art. 6 Abs. 1 lit. f DSGVO (berechtigtes Interesse an ansprechender Darstellung unseres Angebots)<\/p>\n<p><strong>Daten\u00fcbermittlung in Drittl\u00e4nder:<\/strong> Die Daten k\u00f6nnen in die USA \u00fcbertragen werden. Google ist nach dem EU-US Data Privacy Framework zertifiziert.<\/p>\n<p>Weitere Informationen finden Sie in der Datenschutzerkl\u00e4rung von YouTube: https:\/\/policies.google.com\/privacy<\/p>","protected":false},"excerpt":{"rendered":"<p>Sorry, this entry is only available in Deutsch. For the sake of viewer convenience, the content is shown below in the alternative language. You may click the link to switch the active language. Grundlegendes Diese Datenschutzerkl\u00e4rung soll die Nutzer dieser Website \u00fcber die Art, den Umfang und den Zweck der Erhebung und Verwendung personenbezogener Daten [&hellip;]<\/p>\n","protected":false},"author":2,"featured_media":0,"parent":0,"menu_order":0,"comment_status":"closed","ping_status":"closed","template":"","meta":{"_acf_changed":false,"footnotes":""},"class_list":["post-2729","page","type-page","status-publish","hentry"],"acf":[],"_links":{"self":[{"href":"https:\/\/alexanderbeierbach.de\/en\/wp-json\/wp\/v2\/pages\/2729","targetHints":{"allow":["GET"]}}],"collection":[{"href":"https:\/\/alexanderbeierbach.de\/en\/wp-json\/wp\/v2\/pages"}],"about":[{"href":"https:\/\/alexanderbeierbach.de\/en\/wp-json\/wp\/v2\/types\/page"}],"author":[{"embeddable":true,"href":"https:\/\/alexanderbeierbach.de\/en\/wp-json\/wp\/v2\/users\/2"}],"replies":[{"embeddable":true,"href":"https:\/\/alexanderbeierbach.de\/en\/wp-json\/wp\/v2\/comments?post=2729"}],"version-history":[{"count":2,"href":"https:\/\/alexanderbeierbach.de\/en\/wp-json\/wp\/v2\/pages\/2729\/revisions"}],"predecessor-version":[{"id":2731,"href":"https:\/\/alexanderbeierbach.de\/en\/wp-json\/wp\/v2\/pages\/2729\/revisions\/2731"}],"wp:attachment":[{"href":"https:\/\/alexanderbeierbach.de\/en\/wp-json\/wp\/v2\/media?parent=2729"}],"curies":[{"name":"wp","href":"https:\/\/api.w.org\/{rel}","templated":true}]}}