{"id":193,"date":"2016-12-23T16:11:24","date_gmt":"2016-12-23T14:11:24","guid":{"rendered":"http:\/\/wpbaustelle.alexanderbeierbach.de\/?page_id=193"},"modified":"2022-08-30T22:10:51","modified_gmt":"2022-08-30T20:10:51","slug":"strackebeierbach","status":"publish","type":"page","link":"https:\/\/alexanderbeierbach.de\/en\/strackebeierbach\/","title":{"rendered":"Fee Stracke &#038; Alexander Beierbach"},"content":{"rendered":"<div id=\"attachment_229\" style=\"width: 510px\" class=\"wp-caption alignleft\"><a href=\"https:\/\/alexanderbeierbach.de\/wp-content\/uploads\/2016\/01\/stracke_beierbach_1.jpg\"><img loading=\"lazy\" decoding=\"async\" aria-describedby=\"caption-attachment-229\" class=\"wp-image-229\" src=\"https:\/\/alexanderbeierbach.de\/wp-content\/uploads\/2016\/01\/stracke_beierbach_1-300x199.jpg\" alt=\"das Duo Fee Stracke und Alexander Beierbach\" width=\"500\" height=\"332\" srcset=\"https:\/\/alexanderbeierbach.de\/wp-content\/uploads\/2016\/01\/stracke_beierbach_1-300x199.jpg 300w, https:\/\/alexanderbeierbach.de\/wp-content\/uploads\/2016\/01\/stracke_beierbach_1-768x510.jpg 768w, https:\/\/alexanderbeierbach.de\/wp-content\/uploads\/2016\/01\/stracke_beierbach_1.jpg 900w\" sizes=\"auto, (max-width: 500px) 100vw, 500px\" \/><\/a><p id=\"caption-attachment-229\" class=\"wp-caption-text\"><small>\u00a9 Irina Steinbrecher<\/small><\/p><\/div>\n<p><strong>FEE STRACKE &amp; ALEXANDER BEIERBACH<\/strong><\/p>\n<p>Fee Stracke &#8211; Piano<br \/>\nAlexander Beierbach &#8211; Saxophone<\/p>\n<p>Fee Stracke &amp; Alexander Beierbach :: Duo<\/p>\n<p>Aus gemeinsamen \u00dcbungssitzungen f\u00fcr die CD-Aufnahme des Berliner Sextetts Gleichwiederda entstanden regelm\u00e4\u00dfige, wundervolle Duosessions mit Musik, Kaffee und Croissants, und ganz nebenbei entwickelte sich eine neue eigenst\u00e4ndige Besetzung, das Fee Stracke &amp; Alexander Beierbach Duo.<br \/>\nBeide Musiker sind auch als Bandleader in meist gr\u00f6\u00dferen Ensembles aktiv und genie\u00dfen in diesem Duo das gegenseitige Einvernehmen, in dem sie sowohl in praktischen als auch k\u00fcnstlerischen Belangen absolut gleichberechtigt agieren.<\/p>\n<p>In ihrer im November 2013 beim K\u00f6lner Label JazzHausMusik erschienenen CD &#8220;10 nach 10&#8221; spiegelt sich dieses Einvernehmen im Zusammenspiel, im Sound und in der St\u00fcckauswahl wider. Gleicherma\u00dfen steuern Alexander Beierbach und Fee Stracke Kompositionen bei, gleicherma\u00dfen f\u00fcllen sie jede dieser Miniaturwelten aus.<br \/>\nEinige der St\u00fccke haben lange in der Schublade darauf gewartet, endlich eine passende Besetzung zu finden, andere sind ganz frisch entstanden. Die Titel deuten auf Pers\u00f6nliches, auf Alltag, auf Stimmungslagen, auf Erlebnisse, auf Familiengeschichten, auf Gro\u00dfstadtromantik. Sie erz\u00e4hlen ihre eigenen Geschichten, ebenso wie die Musik, in der das Kleine und das Gro\u00dfe, das spielerische Detail und die kompositorische Form, das Pers\u00f6nliche und die inspirierenden Traditionen frei und gl\u00fccklich miteinander existieren d\u00fcrfen.<\/p>\n<p><small>Text: Nina Rohlfs<\/small><\/p>\n<div class=\"two-columns-one\">\n<h1>FOTOS<\/h1>\n<div id=\"attachment_743\" style=\"width: 510px\" class=\"wp-caption alignleft\"><a href=\"https:\/\/alexanderbeierbach.de\/wp-content\/uploads\/2016\/12\/strackebeierbach-02_350dpi_10x15.jpg\"><img loading=\"lazy\" decoding=\"async\" aria-describedby=\"caption-attachment-743\" class=\"wp-image-743\" src=\"https:\/\/alexanderbeierbach.de\/wp-content\/uploads\/2016\/12\/strackebeierbach-02_350dpi_10x15-300x199.jpg\" alt=\"Foto: das Duo Fee Stracke und Alexander Beierbach \u00a9 Irina Steinbrecher\" width=\"500\" height=\"332\" srcset=\"https:\/\/alexanderbeierbach.de\/wp-content\/uploads\/2016\/12\/strackebeierbach-02_350dpi_10x15-300x199.jpg 300w, https:\/\/alexanderbeierbach.de\/wp-content\/uploads\/2016\/12\/strackebeierbach-02_350dpi_10x15-768x510.jpg 768w, https:\/\/alexanderbeierbach.de\/wp-content\/uploads\/2016\/12\/strackebeierbach-02_350dpi_10x15-1024x680.jpg 1024w\" sizes=\"auto, (max-width: 500px) 100vw, 500px\" \/><\/a><p id=\"caption-attachment-743\" class=\"wp-caption-text\"><small>\u00a9 Irina Steinbrecher<\/small><\/p><\/div>\n<p>&nbsp;<\/p>\n<div id=\"attachment_744\" style=\"width: 510px\" class=\"wp-caption alignright\"><a href=\"https:\/\/alexanderbeierbach.de\/wp-content\/uploads\/2016\/12\/stracke_beierbach.jpg\"><img loading=\"lazy\" decoding=\"async\" aria-describedby=\"caption-attachment-744\" class=\"wp-image-744\" src=\"https:\/\/alexanderbeierbach.de\/wp-content\/uploads\/2016\/12\/stracke_beierbach-300x204.jpg\" alt=\"Foto: das Duo Fee Stracke und Alexander Beierbach \u00a9 Irina Steinbrecher\" width=\"500\" height=\"340\" srcset=\"https:\/\/alexanderbeierbach.de\/wp-content\/uploads\/2016\/12\/stracke_beierbach-300x204.jpg 300w, https:\/\/alexanderbeierbach.de\/wp-content\/uploads\/2016\/12\/stracke_beierbach-768x522.jpg 768w, https:\/\/alexanderbeierbach.de\/wp-content\/uploads\/2016\/12\/stracke_beierbach-1024x695.jpg 1024w, https:\/\/alexanderbeierbach.de\/wp-content\/uploads\/2016\/12\/stracke_beierbach.jpg 1465w\" sizes=\"auto, (max-width: 500px) 100vw, 500px\" \/><\/a><p id=\"caption-attachment-744\" class=\"wp-caption-text\"><small>\u00a9 Christian Mei\u00dfner<\/small><\/p><\/div>\n<\/div>\n<div class=\"two-columns-one last\">\n<h1>CD<\/h1>\n<p><a href=\"https:\/\/alexanderbeierbach.de\/wp-content\/uploads\/2017\/03\/jhm220_600x597.jpg\"><img loading=\"lazy\" decoding=\"async\" class=\"alignnone wp-image-674\" src=\"https:\/\/alexanderbeierbach.de\/wp-content\/uploads\/2017\/03\/jhm220_600x597-300x300.jpg\" alt=\"\" width=\"400\" height=\"398\" srcset=\"https:\/\/alexanderbeierbach.de\/wp-content\/uploads\/2017\/03\/jhm220_600x597-300x300.jpg 300w, https:\/\/alexanderbeierbach.de\/wp-content\/uploads\/2017\/03\/jhm220_600x597-150x150.jpg 150w, https:\/\/alexanderbeierbach.de\/wp-content\/uploads\/2017\/03\/jhm220_600x597-50x50.jpg 50w, https:\/\/alexanderbeierbach.de\/wp-content\/uploads\/2017\/03\/jhm220_600x597.jpg 600w\" sizes=\"auto, (max-width: 400px) 100vw, 400px\" \/><\/a><\/p>\n<div><\/div>\n<p><strong>Fee Stracke &amp; Alexander Beierbach<br \/>\n10 nach 10<\/strong><\/p>\n<p>(JHM 220)<br \/>\n<a href=\"http:\/\/www.jazzhausmusik.de\/\" target=\"_blank\" rel=\"noopener noreferrer\">JazzHausMusik<\/a> 2013<br \/>\n<a href=\"https:\/\/alexanderbeierbach.de\/10-nach-10\/\" target=\"_blank\" rel=\"noopener noreferrer\">Infos und H\u00f6rbeispiele<\/a><\/p>\n<p><code class=\"plain plain\"><a target=\"_blank\" class=\"standard-btn green-btn\" href=\"http:\/\/www.tigermoonrecords.de\/de\/shop\/andere-labels\/10-nach-10\/\"><span>CD kaufen<\/span><\/a><\/code><\/p>\n<div>\n<!--[if lt IE 9]><script>document.createElement('audio');<\/script><![endif]-->\n\t<div class=\"wp-playlist wp-audio-playlist wp-playlist-light\">\n\t\t\t<div class=\"wp-playlist-current-item\"><\/div>\n\t\t<audio controls=\"controls\" preload=\"none\" width=\"678\"\n\t\t\t><\/audio>\n\t<div class=\"wp-playlist-next\"><\/div>\n\t<div class=\"wp-playlist-prev\"><\/div>\n\t<noscript>\n\t<ol>\n\t\t<li><a href='https:\/\/alexanderbeierbach.de\/wp-content\/uploads\/2017\/03\/st_tango_excerpt.mp3'>ST-Tango (Stracke)<\/a><\/li><li><a href='https:\/\/alexanderbeierbach.de\/wp-content\/uploads\/2017\/03\/10439_excerpt.mp3'>10439 ( Beierbach)<\/a><\/li><li><a href='https:\/\/alexanderbeierbach.de\/wp-content\/uploads\/2017\/03\/clockwise_excerpt.mp3'>Clockwise (Stracke \/ Beierbach)<\/a><\/li><li><a href='https:\/\/alexanderbeierbach.de\/wp-content\/uploads\/2017\/03\/die_frage_excerpt.mp3'>Die Frage ( Beierbach)<\/a><\/li><li><a href='https:\/\/alexanderbeierbach.de\/wp-content\/uploads\/2017\/03\/nach_dem_gewitter_excerpt.mp3'>Nach Dem Gewitter (Stracke)<\/a><\/li><li><a href='https:\/\/alexanderbeierbach.de\/wp-content\/uploads\/2017\/03\/und_was_machen_sie_beruflich_excerpt.mp3'>Und Was Machen Sie Beruflich? (Stracke)<\/a><\/li><li><a href='https:\/\/alexanderbeierbach.de\/wp-content\/uploads\/2017\/03\/10nach10_excerpt.mp3'>10 Nach 10 ( Stracke)<\/a><\/li><li><a href='https:\/\/alexanderbeierbach.de\/wp-content\/uploads\/2017\/03\/glueck_auf_excerpt.mp3'>Gl\u00fcck Auf! (Beierbach)<\/a><\/li><li><a href='https:\/\/alexanderbeierbach.de\/wp-content\/uploads\/2017\/03\/counterclockwise_excerpt.mp3'>Counterclockwise (Stracke \/ Beierbach)<\/a><\/li><li><a href='https:\/\/alexanderbeierbach.de\/wp-content\/uploads\/2017\/03\/die_ausrede_excerpt.mp3'>Die Ausrede (Stracke)<\/a><\/li><li><a href='https:\/\/alexanderbeierbach.de\/wp-content\/uploads\/2017\/03\/zostik_excerpt.mp3'>Zu Besuch Bei Herrn Zostik (Beierbach)<\/a><\/li>\t<\/ol>\n\t<\/noscript>\n\t<script type=\"application\/json\" class=\"wp-playlist-script\">{\"type\":\"audio\",\"tracklist\":true,\"tracknumbers\":true,\"images\":true,\"artists\":false,\"tracks\":[{\"src\":\"https:\\\/\\\/alexanderbeierbach.de\\\/wp-content\\\/uploads\\\/2017\\\/03\\\/st_tango_excerpt.mp3\",\"type\":\"audio\\\/mpeg\",\"title\":\"ST-Tango (Stracke)\",\"caption\":\"\",\"description\":\"\\\"ST-Tango_excerpt\\\" \",\"meta\":{\"artist\":\"Fee Stracke & Alexander Beierbach\",\"album\":\"10 Nach 10\",\"genre\":\"Jazz\",\"year\":\"2013\",\"length_formatted\":\"1:01\"},\"image\":{\"src\":\"https:\\\/\\\/alexanderbeierbach.de\\\/wp-content\\\/uploads\\\/2017\\\/03\\\/jhm220_600x597.jpg\",\"width\":600,\"height\":597},\"thumb\":{\"src\":\"https:\\\/\\\/alexanderbeierbach.de\\\/wp-content\\\/uploads\\\/2017\\\/03\\\/jhm220_600x597-150x150.jpg\",\"width\":150,\"height\":150}},{\"src\":\"https:\\\/\\\/alexanderbeierbach.de\\\/wp-content\\\/uploads\\\/2017\\\/03\\\/10439_excerpt.mp3\",\"type\":\"audio\\\/mpeg\",\"title\":\"10439 ( Beierbach)\",\"caption\":\"\",\"description\":\"\\\"10439_excerpt\\\" \",\"meta\":{\"artist\":\"Fee Stracke & Alexander Beierbach\",\"album\":\"10 Nach 10\",\"year\":\"2013\",\"length_formatted\":\"0:54\"},\"image\":{\"src\":\"https:\\\/\\\/alexanderbeierbach.de\\\/wp-content\\\/uploads\\\/2017\\\/03\\\/jhm220_600x597.jpg\",\"width\":600,\"height\":597},\"thumb\":{\"src\":\"https:\\\/\\\/alexanderbeierbach.de\\\/wp-content\\\/uploads\\\/2017\\\/03\\\/jhm220_600x597-150x150.jpg\",\"width\":150,\"height\":150}},{\"src\":\"https:\\\/\\\/alexanderbeierbach.de\\\/wp-content\\\/uploads\\\/2017\\\/03\\\/clockwise_excerpt.mp3\",\"type\":\"audio\\\/mpeg\",\"title\":\"Clockwise (Stracke \\\/ Beierbach)\",\"caption\":\"\",\"description\":\"\\\"clockwise_excerpt\\\" \",\"meta\":{\"artist\":\"Fee Stracke & Alexander Beierbach\",\"album\":\"10 Nach 10\",\"year\":\"2013\",\"length_formatted\":\"0:18\"},\"image\":{\"src\":\"https:\\\/\\\/alexanderbeierbach.de\\\/wp-content\\\/uploads\\\/2017\\\/03\\\/jhm220_600x597.jpg\",\"width\":600,\"height\":597},\"thumb\":{\"src\":\"https:\\\/\\\/alexanderbeierbach.de\\\/wp-content\\\/uploads\\\/2017\\\/03\\\/jhm220_600x597-150x150.jpg\",\"width\":150,\"height\":150}},{\"src\":\"https:\\\/\\\/alexanderbeierbach.de\\\/wp-content\\\/uploads\\\/2017\\\/03\\\/die_frage_excerpt.mp3\",\"type\":\"audio\\\/mpeg\",\"title\":\"Die Frage ( Beierbach)\",\"caption\":\"\",\"description\":\"\\\"Die Frage_excerpt\\\"\",\"meta\":{\"artist\":\"Fee Stracke & Alexander Beierbach\",\"album\":\"10 nach 10\",\"year\":\"2013\",\"length_formatted\":\"0:56\"},\"image\":{\"src\":\"https:\\\/\\\/alexanderbeierbach.de\\\/wp-content\\\/uploads\\\/2017\\\/03\\\/jhm220_600x597.jpg\",\"width\":600,\"height\":597},\"thumb\":{\"src\":\"https:\\\/\\\/alexanderbeierbach.de\\\/wp-content\\\/uploads\\\/2017\\\/03\\\/jhm220_600x597-150x150.jpg\",\"width\":150,\"height\":150}},{\"src\":\"https:\\\/\\\/alexanderbeierbach.de\\\/wp-content\\\/uploads\\\/2017\\\/03\\\/nach_dem_gewitter_excerpt.mp3\",\"type\":\"audio\\\/mpeg\",\"title\":\"Nach Dem Gewitter (Stracke)\",\"caption\":\"\",\"description\":\"\\\"Nach Dem Gewitter_excerpt\\\"\",\"meta\":{\"artist\":\"Fee Stracke & Alexander Beierbach\",\"album\":\"10 Nach 10\",\"genre\":\"Jazz\",\"year\":\"2013\",\"length_formatted\":\"1:01\"},\"image\":{\"src\":\"https:\\\/\\\/alexanderbeierbach.de\\\/wp-content\\\/uploads\\\/2017\\\/03\\\/jhm220_600x597.jpg\",\"width\":600,\"height\":597},\"thumb\":{\"src\":\"https:\\\/\\\/alexanderbeierbach.de\\\/wp-content\\\/uploads\\\/2017\\\/03\\\/jhm220_600x597-150x150.jpg\",\"width\":150,\"height\":150}},{\"src\":\"https:\\\/\\\/alexanderbeierbach.de\\\/wp-content\\\/uploads\\\/2017\\\/03\\\/und_was_machen_sie_beruflich_excerpt.mp3\",\"type\":\"audio\\\/mpeg\",\"title\":\"Und Was Machen Sie Beruflich? (Stracke)\",\"caption\":\"\",\"description\":\"\\\"Und Was Machen Sie Beruflich?_excerpt\\\" \",\"meta\":{\"artist\":\"Fee Stracke & Alexander Beierbach\",\"album\":\"10 Nach 10\",\"genre\":\"Jazz\",\"year\":\"2013\",\"length_formatted\":\"1:01\"},\"image\":{\"src\":\"https:\\\/\\\/alexanderbeierbach.de\\\/wp-content\\\/uploads\\\/2017\\\/03\\\/jhm220_600x597.jpg\",\"width\":600,\"height\":597},\"thumb\":{\"src\":\"https:\\\/\\\/alexanderbeierbach.de\\\/wp-content\\\/uploads\\\/2017\\\/03\\\/jhm220_600x597-150x150.jpg\",\"width\":150,\"height\":150}},{\"src\":\"https:\\\/\\\/alexanderbeierbach.de\\\/wp-content\\\/uploads\\\/2017\\\/03\\\/10nach10_excerpt.mp3\",\"type\":\"audio\\\/mpeg\",\"title\":\"10 Nach 10 ( Stracke)\",\"caption\":\"\",\"description\":\"\\\"10 Nach 10_excerpt\\\" \",\"meta\":{\"artist\":\"Fee Stracke & Alexander Beierbach\",\"album\":\"10 Nach 10\",\"genre\":\"Jazz\",\"year\":\"2013\",\"length_formatted\":\"0:40\"},\"image\":{\"src\":\"https:\\\/\\\/alexanderbeierbach.de\\\/wp-content\\\/uploads\\\/2017\\\/03\\\/jhm220_600x597.jpg\",\"width\":600,\"height\":597},\"thumb\":{\"src\":\"https:\\\/\\\/alexanderbeierbach.de\\\/wp-content\\\/uploads\\\/2017\\\/03\\\/jhm220_600x597-150x150.jpg\",\"width\":150,\"height\":150}},{\"src\":\"https:\\\/\\\/alexanderbeierbach.de\\\/wp-content\\\/uploads\\\/2017\\\/03\\\/glueck_auf_excerpt.mp3\",\"type\":\"audio\\\/mpeg\",\"title\":\"Gl\\u00fcck Auf! (Beierbach)\",\"caption\":\"\",\"description\":\"\\\"Gl\\u00fcck Auf_excerpt\\\" \",\"meta\":{\"artist\":\"Fee Stracke & Alexander Beierbach\",\"album\":\"10 nach 10\",\"year\":\"2013\",\"length_formatted\":\"1:06\"},\"image\":{\"src\":\"https:\\\/\\\/alexanderbeierbach.de\\\/wp-content\\\/uploads\\\/2017\\\/03\\\/jhm220_600x597.jpg\",\"width\":600,\"height\":597},\"thumb\":{\"src\":\"https:\\\/\\\/alexanderbeierbach.de\\\/wp-content\\\/uploads\\\/2017\\\/03\\\/jhm220_600x597-150x150.jpg\",\"width\":150,\"height\":150}},{\"src\":\"https:\\\/\\\/alexanderbeierbach.de\\\/wp-content\\\/uploads\\\/2017\\\/03\\\/counterclockwise_excerpt.mp3\",\"type\":\"audio\\\/mpeg\",\"title\":\"Counterclockwise (Stracke \\\/ Beierbach)\",\"caption\":\"\",\"description\":\"\\\"counterclockwise_excerpt\\\" \",\"meta\":{\"artist\":\"Fee Stracke & Alexander Beierbach\",\"album\":\"10 nach 10\",\"year\":\"2013\",\"length_formatted\":\"0:17\"},\"image\":{\"src\":\"https:\\\/\\\/alexanderbeierbach.de\\\/wp-content\\\/uploads\\\/2017\\\/03\\\/jhm220_600x597.jpg\",\"width\":600,\"height\":597},\"thumb\":{\"src\":\"https:\\\/\\\/alexanderbeierbach.de\\\/wp-content\\\/uploads\\\/2017\\\/03\\\/jhm220_600x597-150x150.jpg\",\"width\":150,\"height\":150}},{\"src\":\"https:\\\/\\\/alexanderbeierbach.de\\\/wp-content\\\/uploads\\\/2017\\\/03\\\/die_ausrede_excerpt.mp3\",\"type\":\"audio\\\/mpeg\",\"title\":\"Die Ausrede (Stracke)\",\"caption\":\"\",\"description\":\"\\\"Die Ausrede_excerpt\\\" \",\"meta\":{\"artist\":\"Fee Stracke & Alexander Beierbach\",\"album\":\"10 Nach 10\",\"genre\":\"Jazz\",\"year\":\"2013\",\"length_formatted\":\"0:33\"},\"image\":{\"src\":\"https:\\\/\\\/alexanderbeierbach.de\\\/wp-content\\\/uploads\\\/2017\\\/03\\\/jhm220_600x597.jpg\",\"width\":600,\"height\":597},\"thumb\":{\"src\":\"https:\\\/\\\/alexanderbeierbach.de\\\/wp-content\\\/uploads\\\/2017\\\/03\\\/jhm220_600x597-150x150.jpg\",\"width\":150,\"height\":150}},{\"src\":\"https:\\\/\\\/alexanderbeierbach.de\\\/wp-content\\\/uploads\\\/2017\\\/03\\\/zostik_excerpt.mp3\",\"type\":\"audio\\\/mpeg\",\"title\":\"Zu Besuch Bei Herrn Zostik (Beierbach)\",\"caption\":\"\",\"description\":\"\\\"Zostik_excerpt\\\" \",\"meta\":{\"artist\":\"Fee Stracke & Alexander Beierbach\",\"album\":\"10 nach 10\",\"year\":\"2013\",\"length_formatted\":\"1:04\"},\"image\":{\"src\":\"https:\\\/\\\/alexanderbeierbach.de\\\/wp-content\\\/uploads\\\/2017\\\/03\\\/jhm220_600x597.jpg\",\"width\":600,\"height\":597},\"thumb\":{\"src\":\"https:\\\/\\\/alexanderbeierbach.de\\\/wp-content\\\/uploads\\\/2017\\\/03\\\/jhm220_600x597-150x150.jpg\",\"width\":150,\"height\":150}}]}<\/script>\n<\/div>\n\t\n<\/div>\n<p>&nbsp;<\/p>\n<\/div>\n<div class=\"divider\"><\/div>\n<h1>PRESSE<\/h1>\n<p><strong>Jazzthing &#8211; 04\/2014 von Martin Laurentius<\/strong><br \/>\n&#8220;Mit &#8220;10 nach 10&#8243; fokussieren sich Pianistin Fee Stracke und Saxofonist Alexander Beierbach auf eine entspannt improvisierte Kammermusik, um ad hoc im Zusammenspiel die Ebenen Melodik und Harmonik ineinander zu verschr\u00e4nken:subtil und vielseitig in der Wahl der Klangm\u00f6glichkeiten.&#8221;<\/p>\n<p><strong>Jazzthetik &#8211; 03\/2014 von Angela Ballhorn<\/strong><br \/>\n&#8220;&#8230; da ist dieser Dialog mit Gleichgewicht in Pausen und Noten, mit genug Luft, dass die Musik durchsichtig bleibt, mit Spielwitz und instrumentaler Finesse.&#8221;<\/p>\n<p><strong>Audio &#8211; 02\/2014 von Ralf Dombrowski<\/strong><br \/>\n&#8220;Das Duo der Pianistin Fee Stracke mit Saxofonist Alexander Beierbach verstr\u00f6mt eine Vertrautheit zweier sich symbiotisch erg\u00e4nzender Partner, die sanft an der Grenze zur experimentellen Expressivit\u00e4t ein knappes Dutzend kammer- jazziger Miniaturen weben.&#8221;<\/p>\n<p><strong>All My Music &#8211; 11\/2013 von Helmut Blecher<\/strong><br \/>\n&#8220;&#8230; Das Duo erz\u00e4hlt ihre sympathischen Geschichten mit einem fast blinden musikalischen Vertrauen und einem sehr eigenen Verst\u00e4ndnis von Soundstrukturen. Durchdrungen von kompositorischen Formen und spielerischen Details, in denen sich das Kleine und das Gro\u00dfe lustvoll frei vereinen, lebt das Album von der zielsicheren Navigation durch seine ureigene Musikwelt. &#8230;&#8221;<\/p>\n<p><strong>Jazzpages 10\/2013 von Klaus M\u00fcmpfer<\/strong><br \/>\n&#8220;&#8230; Die Pianistin Fee Stracke und der Saxophonist Alexander Beierbach nutzen die Stunde zu kammermusikalischen, teils freien, Duos die dahinperlen und schweben, die in ihrer Ruhe eine unglaubliche Spannung erzeugen und von voller Hingabe an die Musik zeugen. &#8230;&#8221;<\/p>\n<p>&nbsp;<\/p>\n<hr \/>\n<p>&nbsp;<\/p>\n<p>FEE STRACKE &amp; ALEXANDER BEIERBACH<\/p>\n<div class=\"three-columns-one\">\n<p>LINKS<\/p>\n<p><a href=\"https:\/\/www.feestracke.com\/\" target=\"_blank\" rel=\"noopener noreferrer\">Fee Stracke<\/a><a href=\"http:\/\/www.alexanderbeierbach.de\/\" target=\"_blank\" rel=\"noopener noreferrer\"><br \/>\nAlexander Beierbach<\/a><\/p>\n<p><a href=\"http:\/\/www.jazzhausmusik.de\/\" target=\"_blank\" rel=\"noopener noreferrer\">JazzHausMusik<\/a><\/p>\n<\/div>\n<div class=\"three-columns-one\">\n<\/div>\n<div class=\"three-columns-one last\">\n<p>KONTAKT &amp; BOOKING<\/p>\n<p><span class=\"text\">Alexander Beierbach<br \/>\n<\/span><span class=\"text\">Stargarder Str. 67<br \/>\n<\/span><span class=\"text\">10437 Berlin \/ Germany<br \/>\n<\/span><span class=\"text\">+49 \u2013 (0)30 \u2013 44 32 86 44<br \/>\n<\/span><a href=\"mailto:a.w.beierbach@gmx.de\" target=\"_blank\" rel=\"noopener noreferrer\"><span class=\"text\">a.w.beierbach[at]gmx[dot]de<\/span><\/a><\/p>\n<\/div>\n<div class=\"divider\"><\/div>\n","protected":false},"excerpt":{"rendered":"<p>FEE STRACKE &amp; ALEXANDER BEIERBACH Fee Stracke &#8211; Piano Alexander Beierbach &#8211; Saxophone Fee Stracke &amp; Alexander Beierbach :: Duo Aus gemeinsamen \u00dcbungssitzungen f\u00fcr die CD-Aufnahme des Berliner Sextetts Gleichwiederda entstanden regelm\u00e4\u00dfige, wundervolle Duosessions mit Musik, Kaffee und Croissants, und ganz nebenbei entwickelte sich eine neue eigenst\u00e4ndige Besetzung, das Fee Stracke &amp; Alexander Beierbach Duo. [&hellip;]<\/p>\n","protected":false},"author":1,"featured_media":0,"parent":0,"menu_order":0,"comment_status":"closed","ping_status":"closed","template":"page-templates\/full-width.php","meta":{"_acf_changed":false,"footnotes":""},"class_list":["post-193","page","type-page","status-publish","hentry"],"acf":[],"_links":{"self":[{"href":"https:\/\/alexanderbeierbach.de\/en\/wp-json\/wp\/v2\/pages\/193","targetHints":{"allow":["GET"]}}],"collection":[{"href":"https:\/\/alexanderbeierbach.de\/en\/wp-json\/wp\/v2\/pages"}],"about":[{"href":"https:\/\/alexanderbeierbach.de\/en\/wp-json\/wp\/v2\/types\/page"}],"author":[{"embeddable":true,"href":"https:\/\/alexanderbeierbach.de\/en\/wp-json\/wp\/v2\/users\/1"}],"replies":[{"embeddable":true,"href":"https:\/\/alexanderbeierbach.de\/en\/wp-json\/wp\/v2\/comments?post=193"}],"version-history":[{"count":34,"href":"https:\/\/alexanderbeierbach.de\/en\/wp-json\/wp\/v2\/pages\/193\/revisions"}],"predecessor-version":[{"id":2162,"href":"https:\/\/alexanderbeierbach.de\/en\/wp-json\/wp\/v2\/pages\/193\/revisions\/2162"}],"wp:attachment":[{"href":"https:\/\/alexanderbeierbach.de\/en\/wp-json\/wp\/v2\/media?parent=193"}],"curies":[{"name":"wp","href":"https:\/\/api.w.org\/{rel}","templated":true}]}}